{"id":14,"date":"2023-01-17T13:13:10","date_gmt":"2023-01-17T12:13:10","guid":{"rendered":"http:\/\/www.ginab.nu\/?page_id=14"},"modified":"2025-05-21T13:36:06","modified_gmt":"2025-05-21T11:36:06","slug":"rot-och-rut","status":"publish","type":"page","link":"https:\/\/www.ginab.nu\/?page_id=14","title":{"rendered":"ROT- och RUT-avdrag"},"content":{"rendered":"\t\t<div data-elementor-type=\"wp-page\" data-elementor-id=\"14\" class=\"elementor elementor-14\">\n\t\t\t\t\t\t\t\t\t<section class=\"elementor-section elementor-top-section elementor-element elementor-element-23dc2124 elementor-section-height-min-height elementor-section-items-stretch elementor-section-content-middle elementor-section-boxed elementor-section-height-default\" data-id=\"23dc2124\" data-element_type=\"section\" data-settings=\"{&quot;background_background&quot;:&quot;classic&quot;}\">\n\t\t\t\t\t\t<div class=\"elementor-container elementor-column-gap-no\">\n\t\t\t\t\t<div class=\"elementor-column elementor-col-100 elementor-top-column elementor-element elementor-element-595651ad\" data-id=\"595651ad\" data-element_type=\"column\">\n\t\t\t<div class=\"elementor-widget-wrap elementor-element-populated\">\n\t\t\t\t\t\t\t\t<section class=\"elementor-section elementor-inner-section elementor-element elementor-element-eabdc69 elementor-section-boxed elementor-section-height-default elementor-section-height-default\" data-id=\"eabdc69\" data-element_type=\"section\">\n\t\t\t\t\t\t<div class=\"elementor-container elementor-column-gap-default\">\n\t\t\t\t\t<div class=\"elementor-column elementor-col-50 elementor-inner-column elementor-element elementor-element-51625fa\" data-id=\"51625fa\" data-element_type=\"column\">\n\t\t\t<div class=\"elementor-widget-wrap elementor-element-populated\">\n\t\t\t\t\t\t\t\t<div class=\"elementor-element elementor-element-f42b419 elementor-widget elementor-widget-heading\" data-id=\"f42b419\" data-element_type=\"widget\" data-widget_type=\"heading.default\">\n\t\t\t\t<div class=\"elementor-widget-container\">\n\t\t\t<style>\/*! elementor - v3.10.0 - 09-01-2023 *\/\n.elementor-heading-title{padding:0;margin:0;line-height:1}.elementor-widget-heading .elementor-heading-title[class*=elementor-size-]>a{color:inherit;font-size:inherit;line-height:inherit}.elementor-widget-heading .elementor-heading-title.elementor-size-small{font-size:15px}.elementor-widget-heading .elementor-heading-title.elementor-size-medium{font-size:19px}.elementor-widget-heading .elementor-heading-title.elementor-size-large{font-size:29px}.elementor-widget-heading .elementor-heading-title.elementor-size-xl{font-size:39px}.elementor-widget-heading .elementor-heading-title.elementor-size-xxl{font-size:59px}<\/style><h2 class=\"elementor-heading-title elementor-size-default\"><h1 style=\"box-sizing: inherit; font-size: 1.5625rem; margin: 0px; clear: none; font-family: &quot;Open Sans&quot;, sans-serif; line-height: 1.5; color: rgb(50, 55, 60); white-space: normal;\"><span style=\"color: var( --e-global-color-primary ); font-family: var( --e-global-typography-primary-font-family ), Sans-serif; font-size: var( --e-global-typography-primary-font-size ); font-weight: var( --e-global-typography-primary-font-weight ); letter-spacing: var( --e-global-typography-primary-letter-spacing ); text-transform: var( --e-global-typography-primary-text-transform ); white-space: pre-wrap; background-color: var( --e-global-color-1263d8da );\">ROT- och RUT-avdrag<\/span><br><\/h1><\/h2>\t\t<\/div>\n\t\t\t\t<\/div>\n\t\t\t\t<div class=\"elementor-element elementor-element-9453b08 elementor-widget elementor-widget-text-editor\" data-id=\"9453b08\" data-element_type=\"widget\" data-widget_type=\"text-editor.default\">\n\t\t\t\t<div class=\"elementor-widget-container\">\n\t\t\t<style>\/*! elementor - v3.10.0 - 09-01-2023 *\/\n.elementor-widget-text-editor.elementor-drop-cap-view-stacked .elementor-drop-cap{background-color:#818a91;color:#fff}.elementor-widget-text-editor.elementor-drop-cap-view-framed .elementor-drop-cap{color:#818a91;border:3px solid;background-color:transparent}.elementor-widget-text-editor:not(.elementor-drop-cap-view-default) .elementor-drop-cap{margin-top:8px}.elementor-widget-text-editor:not(.elementor-drop-cap-view-default) .elementor-drop-cap-letter{width:1em;height:1em}.elementor-widget-text-editor .elementor-drop-cap{float:left;text-align:center;line-height:1;font-size:50px}.elementor-widget-text-editor .elementor-drop-cap-letter{display:inline-block}<\/style>\t\t\t\t<p>Om du anlitar oss f\u00f6r reparation, underh\u00e5ll samt ombyggnad och tillbyggnad kan du f\u00e5 rotavdrag f\u00f6r delar av arbetskostnaden. Du kan ocks\u00e5 f\u00e5 rutavdrag f\u00f6r hush\u00e5llsn\u00e4ra tj\u00e4nster, inklusive flyttj\u00e4nster, reparation och underh\u00e5ll av vitvaror och it-utrustning. Material och \u00f6vriga kostnader, s\u00e5som resekostnader, ger d\u00e4remot inte r\u00e4tt till avdrag.<\/p>\n<p>Rotavdraget och rutavdraget r\u00e4knas ihop och \u00e4r h\u00f6gst 75 000 kronor per person och \u00e5r. Rotavdraget f\u00e5r dock h\u00f6gst vara 75 000 kronor per \u00e5r. Om du kan ta del av avdraget eller inte beror p\u00e5 hur mycket skatt du har betalat in under \u00e5ret och vilka andra avdrag du g\u00f6r, till exempel skattereduktion f\u00f6r gr\u00f6n teknik. Du kan g\u00f6ra en prelimin\u00e4r utr\u00e4kning av m\u00f6jliga avdrag i R\u00e4kna ut din skatt.<\/p>\n<p>F\u00f6r mer information, g\u00e5 till&nbsp;<a style=\"font-family: var( --e-global-typography-text-font-family ), Sans-serif; font-size: var( --e-global-typography-text-font-size ); font-weight: var( --e-global-typography-text-font-weight ); letter-spacing: var( --e-global-typography-text-letter-spacing );\" href=\"https:\/\/www.skatteverket.se\/privat\/fastigheterochbostad\/rotarbeteochrutarbete.4.2e56d4ba1202f95012080002966.html\" target=\"_blank\" rel=\"noopener\">Skatteverkets sida f\u00f6r ROT och RUT<\/a><\/p>\n<p>Detta g\u00e4ller f\u00f6r&nbsp;<a style=\"font-family: var( --e-global-typography-text-font-family ), Sans-serif; font-size: var( --e-global-typography-text-font-size ); font-weight: var( --e-global-typography-text-font-weight ); letter-spacing: var( --e-global-typography-text-letter-spacing );\" href=\"https:\/\/www.skatteverket.se\/privat\/fastigheterochbostad\/rotarbeteochrutarbete\/gerarbetetratttillrotavdrag.106.5c1163881590be297b5899d.html\" target=\"_blank\" rel=\"noopener\">ROT-avdrag<\/a><\/p>\n<p>Detta g\u00e4ller f\u00f6r&nbsp;<a style=\"font-family: var( --e-global-typography-text-font-family ), Sans-serif; font-size: var( --e-global-typography-text-font-size ); font-weight: var( --e-global-typography-text-font-weight ); letter-spacing: var( --e-global-typography-text-letter-spacing );\" href=\"https:\/\/www.skatteverket.se\/privat\/fastigheterochbostad\/rotarbeteochrutarbete\/gerarbetetratttillrutavdrag.106.5c1163881590be297b53de7.html\" target=\"_blank\" rel=\"noopener\">RUT-avdrag<\/a><\/p>\t\t\t\t\t\t<\/div>\n\t\t\t\t<\/div>\n\t\t\t\t\t<\/div>\n\t\t<\/div>\n\t\t\t\t<div class=\"elementor-column elementor-col-50 elementor-inner-column elementor-element elementor-element-dde8cc0\" data-id=\"dde8cc0\" data-element_type=\"column\">\n\t\t\t<div class=\"elementor-widget-wrap elementor-element-populated\">\n\t\t\t\t\t\t\t\t<div class=\"elementor-element elementor-element-4dfa4bad elementor-invisible elementor-widget elementor-widget-image\" data-id=\"4dfa4bad\" data-element_type=\"widget\" data-settings=\"{&quot;_animation&quot;:&quot;fadeIn&quot;}\" data-widget_type=\"image.default\">\n\t\t\t\t<div class=\"elementor-widget-container\">\n\t\t\t<style>\/*! elementor - v3.10.0 - 09-01-2023 *\/\n.elementor-widget-image{text-align:center}.elementor-widget-image a{display:inline-block}.elementor-widget-image a img[src$=\".svg\"]{width:48px}.elementor-widget-image img{vertical-align:middle;display:inline-block}<\/style>\t\t\t\t\t\t\t\t\t\t\t\t<img loading=\"lazy\" decoding=\"async\" width=\"768\" height=\"1024\" src=\"https:\/\/www.ginab.nu\/wp-content\/uploads\/2023\/02\/IMG_1837-1-768x1024.jpg\" class=\"attachment-large size-large wp-image-240\" alt=\"\" srcset=\"https:\/\/www.ginab.nu\/wp-content\/uploads\/2023\/02\/IMG_1837-1-768x1024.jpg 768w, https:\/\/www.ginab.nu\/wp-content\/uploads\/2023\/02\/IMG_1837-1-225x300.jpg 225w, https:\/\/www.ginab.nu\/wp-content\/uploads\/2023\/02\/IMG_1837-1-1152x1536.jpg 1152w, https:\/\/www.ginab.nu\/wp-content\/uploads\/2023\/02\/IMG_1837-1-1536x2048.jpg 1536w, https:\/\/www.ginab.nu\/wp-content\/uploads\/2023\/02\/IMG_1837-1-scaled.jpg 1920w\" sizes=\"auto, (max-width: 768px) 100vw, 768px\" \/>\t\t\t\t\t\t\t\t\t\t\t\t\t\t\t<\/div>\n\t\t\t\t<\/div>\n\t\t\t\t\t<\/div>\n\t\t<\/div>\n\t\t\t\t\t\t\t<\/div>\n\t\t<\/section>\n\t\t\t\t<div class=\"elementor-element elementor-element-f9168f2 elementor-widget elementor-widget-text-editor\" data-id=\"f9168f2\" data-element_type=\"widget\" data-widget_type=\"text-editor.default\">\n\t\t\t\t<div class=\"elementor-widget-container\">\n\t\t\t\t\t\t\t\t\t\t\t\t\t<\/div>\n\t\t\t\t<\/div>\n\t\t\t\t\t<\/div>\n\t\t<\/div>\n\t\t\t\t\t\t\t<\/div>\n\t\t<\/section>\n\t\t\t\t\t\t\t<\/div>\n\t\t","protected":false},"excerpt":{"rendered":"<p>ROT- och RUT-avdrag Om du anlitar oss f\u00f6r reparation, underh\u00e5ll samt ombyggnad och tillbyggnad kan du f\u00e5 rotavdrag f\u00f6r delar av arbetskostnaden. Du kan ocks\u00e5 f\u00e5 rutavdrag f\u00f6r hush\u00e5llsn\u00e4ra tj\u00e4nster, inklusive flyttj\u00e4nster, reparation och underh\u00e5ll av vitvaror och it-utrustning. Material och \u00f6vriga kostnader, s\u00e5som resekostnader, ger d\u00e4remot inte r\u00e4tt till avdrag. Rotavdraget och rutavdraget r\u00e4knas [&hellip;]<\/p>\n","protected":false},"author":1,"featured_media":0,"parent":0,"menu_order":0,"comment_status":"closed","ping_status":"closed","template":"elementor_header_footer","meta":{"_monsterinsights_skip_tracking":false,"_monsterinsights_sitenote_active":false,"_monsterinsights_sitenote_note":"","_monsterinsights_sitenote_category":0,"footnotes":""},"class_list":["post-14","page","type-page","status-publish","hentry"],"_links":{"self":[{"href":"https:\/\/www.ginab.nu\/index.php?rest_route=\/wp\/v2\/pages\/14","targetHints":{"allow":["GET"]}}],"collection":[{"href":"https:\/\/www.ginab.nu\/index.php?rest_route=\/wp\/v2\/pages"}],"about":[{"href":"https:\/\/www.ginab.nu\/index.php?rest_route=\/wp\/v2\/types\/page"}],"author":[{"embeddable":true,"href":"https:\/\/www.ginab.nu\/index.php?rest_route=\/wp\/v2\/users\/1"}],"replies":[{"embeddable":true,"href":"https:\/\/www.ginab.nu\/index.php?rest_route=%2Fwp%2Fv2%2Fcomments&post=14"}],"version-history":[{"count":79,"href":"https:\/\/www.ginab.nu\/index.php?rest_route=\/wp\/v2\/pages\/14\/revisions"}],"predecessor-version":[{"id":583,"href":"https:\/\/www.ginab.nu\/index.php?rest_route=\/wp\/v2\/pages\/14\/revisions\/583"}],"wp:attachment":[{"href":"https:\/\/www.ginab.nu\/index.php?rest_route=%2Fwp%2Fv2%2Fmedia&parent=14"}],"curies":[{"name":"wp","href":"https:\/\/api.w.org\/{rel}","templated":true}]}}