{"id":498,"date":"2023-02-11T12:26:14","date_gmt":"2023-02-11T11:26:14","guid":{"rendered":"https:\/\/www.ginab.nu\/?page_id=498"},"modified":"2023-02-11T12:28:08","modified_gmt":"2023-02-11T11:28:08","slug":"tjanster","status":"publish","type":"page","link":"https:\/\/www.ginab.nu\/?page_id=498","title":{"rendered":"Tj\u00e4nster"},"content":{"rendered":"\t\t<div data-elementor-type=\"wp-page\" data-elementor-id=\"498\" class=\"elementor elementor-498\">\n\t\t\t\t\t\t\t\t\t<section class=\"elementor-section elementor-top-section elementor-element elementor-element-23dc2124 elementor-section-height-min-height elementor-section-items-stretch elementor-section-content-middle elementor-section-boxed elementor-section-height-default\" data-id=\"23dc2124\" data-element_type=\"section\" data-settings=\"{&quot;background_background&quot;:&quot;classic&quot;}\">\n\t\t\t\t\t\t<div class=\"elementor-container elementor-column-gap-no\">\n\t\t\t\t\t<div class=\"elementor-column elementor-col-100 elementor-top-column elementor-element elementor-element-595651ad\" data-id=\"595651ad\" data-element_type=\"column\">\n\t\t\t<div class=\"elementor-widget-wrap elementor-element-populated\">\n\t\t\t\t\t\t\t\t<section class=\"elementor-section elementor-inner-section elementor-element elementor-element-eabdc69 elementor-section-boxed elementor-section-height-default elementor-section-height-default\" data-id=\"eabdc69\" data-element_type=\"section\">\n\t\t\t\t\t\t<div class=\"elementor-container elementor-column-gap-default\">\n\t\t\t\t\t<div class=\"elementor-column elementor-col-50 elementor-inner-column elementor-element elementor-element-51625fa\" data-id=\"51625fa\" data-element_type=\"column\">\n\t\t\t<div class=\"elementor-widget-wrap elementor-element-populated\">\n\t\t\t\t\t\t\t\t<div class=\"elementor-element elementor-element-a164fc4 elementor-widget elementor-widget-heading\" data-id=\"a164fc4\" data-element_type=\"widget\" data-widget_type=\"heading.default\">\n\t\t\t\t<div class=\"elementor-widget-container\">\n\t\t\t<style>\/*! elementor - v3.10.0 - 09-01-2023 *\/\n.elementor-heading-title{padding:0;margin:0;line-height:1}.elementor-widget-heading .elementor-heading-title[class*=elementor-size-]>a{color:inherit;font-size:inherit;line-height:inherit}.elementor-widget-heading .elementor-heading-title.elementor-size-small{font-size:15px}.elementor-widget-heading .elementor-heading-title.elementor-size-medium{font-size:19px}.elementor-widget-heading .elementor-heading-title.elementor-size-large{font-size:29px}.elementor-widget-heading .elementor-heading-title.elementor-size-xl{font-size:39px}.elementor-widget-heading .elementor-heading-title.elementor-size-xxl{font-size:59px}<\/style><h2 class=\"elementor-heading-title elementor-size-default\"><h1 data-elementor-setting-key=\"title\" data-pen-placeholder=\"Skriv h\u00e4r...\" style=\"font-family: var( --e-global-typography-primary-font-family ), Sans-serif; font-weight: var( --e-global-typography-primary-font-weight ); line-height: var( --e-global-typography-primary-line-height ); font-size: var( --e-global-typography-primary-font-size ); text-transform: none; letter-spacing: normal; text-align: center;\">Vi utf\u00f6r bland annat:<\/h1><\/h2>\t\t<\/div>\n\t\t\t\t<\/div>\n\t\t\t\t<div class=\"elementor-element elementor-element-9453b08 elementor-widget elementor-widget-text-editor\" data-id=\"9453b08\" data-element_type=\"widget\" data-widget_type=\"text-editor.default\">\n\t\t\t\t<div class=\"elementor-widget-container\">\n\t\t\t<style>\/*! elementor - v3.10.0 - 09-01-2023 *\/\n.elementor-widget-text-editor.elementor-drop-cap-view-stacked .elementor-drop-cap{background-color:#818a91;color:#fff}.elementor-widget-text-editor.elementor-drop-cap-view-framed .elementor-drop-cap{color:#818a91;border:3px solid;background-color:transparent}.elementor-widget-text-editor:not(.elementor-drop-cap-view-default) .elementor-drop-cap{margin-top:8px}.elementor-widget-text-editor:not(.elementor-drop-cap-view-default) .elementor-drop-cap-letter{width:1em;height:1em}.elementor-widget-text-editor .elementor-drop-cap{float:left;text-align:center;line-height:1;font-size:50px}.elementor-widget-text-editor .elementor-drop-cap-letter{display:inline-block}<\/style>\t\t\t\t<ul style=\"font-size: 16px; background-color: #ffffff;\"><li style=\"font-size: 16px;\">Altanbyggnationer.<\/li><li style=\"font-size: 16px;\">Inv\u00e4ndiga och utv\u00e4ndiga renoveringar av hus och l\u00e4genheter.<\/li><li style=\"font-size: 16px;\">Badrum.<\/li><li style=\"font-size: 16px;\">K\u00f6k.<\/li><li style=\"font-size: 16px;\">F\u00f6nsterbyten och d\u00f6rrbyten.<\/li><li style=\"font-size: 16px;\">kabeldragningar internet, el och antenn.<\/li><li style=\"font-size: 16px;\">R\u00f6rarbeten inv\u00e4ndigt och utv\u00e4ndigt<\/li><li style=\"font-size: 16px;\">Ventilation.<\/li><li style=\"font-size: 16px;\">Vi g\u00f6r \u00e4ven en del m\u00e5leriarbeten, inv\u00e4ndigt och utv\u00e4ndigt.<\/li><li style=\"font-size: 16px;\">Vi utf\u00f6r \u00e4ven service och sm\u00e5 arbeten, s\u00e5som att montering av m\u00f6bler, skruva upp en hatth\u00e4ngare eller TV, b\u00e4ttre r\u00e4ckvidd p\u00e5 internet. Allt inom hus och hem.<\/li><li style=\"font-size: 16px;\">Vi utf\u00f6r de flesta Rot- och Rutarbeten, som ni kan l\u00e4sa om under rubriken ROT- och RUT-uppdrag<\/li><\/ul>\t\t\t\t\t\t<\/div>\n\t\t\t\t<\/div>\n\t\t\t\t\t<\/div>\n\t\t<\/div>\n\t\t\t\t<div class=\"elementor-column elementor-col-50 elementor-inner-column elementor-element elementor-element-dde8cc0\" data-id=\"dde8cc0\" data-element_type=\"column\">\n\t\t\t<div class=\"elementor-widget-wrap elementor-element-populated\">\n\t\t\t\t\t\t\t\t<div class=\"elementor-element elementor-element-4dfa4bad elementor-invisible elementor-widget elementor-widget-image\" data-id=\"4dfa4bad\" data-element_type=\"widget\" data-settings=\"{&quot;_animation&quot;:&quot;fadeIn&quot;}\" data-widget_type=\"image.default\">\n\t\t\t\t<div class=\"elementor-widget-container\">\n\t\t\t<style>\/*! elementor - v3.10.0 - 09-01-2023 *\/\n.elementor-widget-image{text-align:center}.elementor-widget-image a{display:inline-block}.elementor-widget-image a img[src$=\".svg\"]{width:48px}.elementor-widget-image img{vertical-align:middle;display:inline-block}<\/style>\t\t\t\t\t\t\t\t\t\t\t\t<img loading=\"lazy\" decoding=\"async\" width=\"768\" height=\"1024\" src=\"https:\/\/www.ginab.nu\/wp-content\/uploads\/2023\/02\/IMG_1847-768x1024.jpg\" class=\"attachment-large size-large wp-image-225\" alt=\"\" srcset=\"https:\/\/www.ginab.nu\/wp-content\/uploads\/2023\/02\/IMG_1847-768x1024.jpg 768w, https:\/\/www.ginab.nu\/wp-content\/uploads\/2023\/02\/IMG_1847-225x300.jpg 225w, https:\/\/www.ginab.nu\/wp-content\/uploads\/2023\/02\/IMG_1847-1152x1536.jpg 1152w, https:\/\/www.ginab.nu\/wp-content\/uploads\/2023\/02\/IMG_1847-1536x2048.jpg 1536w, https:\/\/www.ginab.nu\/wp-content\/uploads\/2023\/02\/IMG_1847-scaled.jpg 1920w\" sizes=\"auto, (max-width: 768px) 100vw, 768px\" \/>\t\t\t\t\t\t\t\t\t\t\t\t\t\t\t<\/div>\n\t\t\t\t<\/div>\n\t\t\t\t\t<\/div>\n\t\t<\/div>\n\t\t\t\t\t\t\t<\/div>\n\t\t<\/section>\n\t\t\t\t<div class=\"elementor-element elementor-element-f9168f2 elementor-widget elementor-widget-text-editor\" data-id=\"f9168f2\" data-element_type=\"widget\" data-widget_type=\"text-editor.default\">\n\t\t\t\t<div class=\"elementor-widget-container\">\n\t\t\t\t\t\t\t\t\t\t\t\t\t<\/div>\n\t\t\t\t<\/div>\n\t\t\t\t\t<\/div>\n\t\t<\/div>\n\t\t\t\t\t\t\t<\/div>\n\t\t<\/section>\n\t\t\t\t\t\t\t<\/div>\n\t\t","protected":false},"excerpt":{"rendered":"<p>Vi utf\u00f6r bland annat: Altanbyggnationer. Inv\u00e4ndiga och utv\u00e4ndiga renoveringar av hus och l\u00e4genheter. Badrum. K\u00f6k. F\u00f6nsterbyten och d\u00f6rrbyten. kabeldragningar internet, el och antenn. R\u00f6rarbeten inv\u00e4ndigt och utv\u00e4ndigt Ventilation. Vi g\u00f6r \u00e4ven en del m\u00e5leriarbeten, inv\u00e4ndigt och utv\u00e4ndigt. Vi utf\u00f6r \u00e4ven service och sm\u00e5 arbeten, s\u00e5som att montering av m\u00f6bler, skruva upp en hatth\u00e4ngare eller TV, [&hellip;]<\/p>\n","protected":false},"author":1,"featured_media":0,"parent":0,"menu_order":0,"comment_status":"closed","ping_status":"closed","template":"elementor_header_footer","meta":{"_monsterinsights_skip_tracking":false,"_monsterinsights_sitenote_active":false,"_monsterinsights_sitenote_note":"","_monsterinsights_sitenote_category":0,"footnotes":""},"class_list":["post-498","page","type-page","status-publish","hentry"],"_links":{"self":[{"href":"https:\/\/www.ginab.nu\/index.php?rest_route=\/wp\/v2\/pages\/498","targetHints":{"allow":["GET"]}}],"collection":[{"href":"https:\/\/www.ginab.nu\/index.php?rest_route=\/wp\/v2\/pages"}],"about":[{"href":"https:\/\/www.ginab.nu\/index.php?rest_route=\/wp\/v2\/types\/page"}],"author":[{"embeddable":true,"href":"https:\/\/www.ginab.nu\/index.php?rest_route=\/wp\/v2\/users\/1"}],"replies":[{"embeddable":true,"href":"https:\/\/www.ginab.nu\/index.php?rest_route=%2Fwp%2Fv2%2Fcomments&post=498"}],"version-history":[{"count":13,"href":"https:\/\/www.ginab.nu\/index.php?rest_route=\/wp\/v2\/pages\/498\/revisions"}],"predecessor-version":[{"id":518,"href":"https:\/\/www.ginab.nu\/index.php?rest_route=\/wp\/v2\/pages\/498\/revisions\/518"}],"wp:attachment":[{"href":"https:\/\/www.ginab.nu\/index.php?rest_route=%2Fwp%2Fv2%2Fmedia&parent=498"}],"curies":[{"name":"wp","href":"https:\/\/api.w.org\/{rel}","templated":true}]}}